{"id":21,"date":"2014-04-06T15:13:35","date_gmt":"2014-04-06T12:13:35","guid":{"rendered":"http:\/\/osmanfiratturan.av.tr\/?page_id=21"},"modified":"2022-09-07T22:21:09","modified_gmt":"2022-09-07T19:21:09","slug":"yayinlarim","status":"publish","type":"page","link":"http:\/\/osmanfiratturan.av.tr\/?page_id=21","title":{"rendered":"Yay\u0131nlar\u0131m"},"content":{"rendered":"<h2><img loading=\"lazy\" class=\"alignnone size-full wp-image-51\" style=\"margin: 0px 15px 0px 0px;\" src=\"http:\/\/osmanfiratturan.av.tr\/wp-content\/uploads\/2014\/04\/Adobe-icon.png\" alt=\"Adobe-icon\" width=\"24\" height=\"24\" \/>Makaleler<\/h2>\n<p><a title=\"HEK\u0130M\u0130N \u0130HBAR Y\u00dcK\u00dcML\u00dcL\u00dc\u011e\u00dcNDE HUKUK-AHLAK \u00c7EL\u0130\u015eK\u0130S\u0130\" href=\"http:\/\/osmanfiratturan.av.tr\/wp-content\/uploads\/2014\/04\/HEK\u0130M\u0130N-\u0130HBAR-Y\u00dcK\u00dcML\u00dcL\u00dc\u011e\u00dcNDE-HUKUK-AHLAK-\u00c7EL\u0130\u015eK\u0130S\u0130-2-3.pdf\" target=\"_blank\" rel=\"noopener\">HEK\u0130M\u0130N \u0130HBAR Y\u00dcK\u00dcML\u00dcL\u00dc\u011e\u00dcNDE HUKUK-AHLAK \u00c7EL\u0130\u015eK\u0130S\u0130<\/a><\/p>\n<p><a title=\"\u0130ST\u0130SNA S\u00d6ZLE\u015eMES\u0130NDE M\u00dcTEAHH\u0130D\u0130N BOR\u00c7LARI\" href=\"http:\/\/osmanfiratturan.av.tr\/wp-content\/uploads\/2014\/04\/\u0130ST\u0130SNA-S\u00d6ZLE\u015eMES\u0130NDE-M\u00dcTEAHH\u0130D\u0130N-BOR\u00c7LARI.pdf\" target=\"_blank\" rel=\"noopener\">\u0130ST\u0130SNA S\u00d6ZLE\u015eMES\u0130NDE M\u00dcTEAHH\u0130D\u0130N BOR\u00c7LARI<\/a><\/p>\n<p><a title=\"KARAYOLU \u0130LE YAPILAN E\u015eYA TA\u015eIMLARINDA\" href=\"http:\/\/osmanfiratturan.av.tr\/wp-content\/uploads\/2014\/04\/KARAYOLU-\u0130LE-YAPILAN-E\u015eYA-TA\u015eIMLARINDA.pdf\" target=\"_blank\" rel=\"noopener\">KARAYOLU \u0130LE YAPILAN E\u015eYA TA\u015eIMLARINDA<\/a><\/p>\n<p><a title=\"ROMA, \u0130SV\u0130\u00c7RE-T\u00dcRK VE \u0130NG\u0130L\u0130Z HUKUKUNDA HAKSIZ F\u0130\u0130L SORUMLULU\u011eU\" href=\"http:\/\/osmanfiratturan.av.tr\/wp-content\/uploads\/2014\/04\/Roma-\u0130svi\u00e7re-T\u00fcrk-ve-\u0130ngiliz-Hukukunda-Haks\u0131z-Fiil-Sorumlulu\u011fu.pdf\" target=\"_blank\" rel=\"noopener\">ROMA, \u0130SV\u0130\u00c7RE-T\u00dcRK VE \u0130NG\u0130L\u0130Z HUKUKUNDA HAKSIZ F\u0130\u0130L SORUMLULU\u011eU<\/a><\/p>\n<p><a title=\"S\u00d6ZLE\u015eMEDE \u0130RADE SAKATLIKLARI(HATA,H\u0130LE,TEHD\u0130T)\" href=\"http:\/\/osmanfiratturan.av.tr\/wp-content\/uploads\/2014\/04\/S\u00f6zle\u015fmede-\u0130rade-Sakatl\u0131klar\u0131hatahiletehdit.pdf\" target=\"_blank\" rel=\"noopener\">S\u00d6ZLE\u015eMEDE \u0130RADE SAKATLIKLARI(HATA,H\u0130LE,TEHD\u0130T)<\/a><\/p>\n<p>CEZA MUHAKEMES\u0130 HUKUKUNDA KANDA VE NEFESTE ALKOL YO\u011eUNLU\u011eUNUN BEL\u0130RLENMES\u0130<\/p>\n<p>Y\u00dcKSEK\u00d6\u011eRET\u0130M D\u0130S\u0130PL\u0130N HUKUKU &#8211; &#8220;SORUNLAR\/A\u00c7MAZLAR&#8221;<\/p>\n<p>35&#8217;\u0130NC\u0130\u00a0MADDEDEN 50\/D&#8217;YE\u00a0 &#8211; &#8220;\u00d6YP&#8217;L\u0130\u00a0ARA\u015eTIRMA G\u00d6REVL\u0130LER\u0130N\u0130N HUKUKSAL STAT\u00dcS\u00dc&#8221;<\/p>\n<p>UYARMA CEZASI VE SONRASI &#8211; &#8220;Y\u00dcKSEK\u00d6\u011eRET\u0130M D\u0130S\u0130PL\u0130N HUKUKUNUN KORKUTUCU Y\u00dcZ\u00dc&#8221;<\/p>\n<p>MOBB\u0130NG VE Y\u00dcKSEK\u00d6\u011eRET\u0130M &#8211; &#8220;PS\u0130KOLOJ\u0130K \u015e\u0130DDET NEDEN \u00dcN\u0130VERS\u0130TELERDE ?&#8221;<\/p>\n<p>\u00d6RG\u00dcTSEL PATALOJ\u0130 VE MOBB\u0130NG\u0130 \u00d6NLEMEN\u0130N YOLLARI<\/p>\n<p>KAMU G\u00d6REV\u0130NDEN \u00c7IKARMA CEZASI &#8211; &#8220;ETK\u0130LER\u0130\/HUKUK\u0130 SONU\u00c7LARI&#8221;<\/p>\n<p>DANI\u015eTAY KARARLARI EKSEN\u0130NDE\u00a0\u00dcN\u0130VERS\u0130TE VE KAMU\u00a0HASTANELER\u0130N\u0130N TAZM\u0130NAT SORUMLULU\u011eU<\/p>\n<p>YARGITAY KARARLARI EKSEN\u0130NDE\u00a0\u00d6ZEL HASTANELER\u0130N VE\u00a0\u00c7ALI\u015eANLARININ HUKUK\u0130 SORUMLULU\u011eU<\/p>\n<p>M\u00dcLK\u0130YET HAKKI VE \u0130MAR PLANIN \u0130PTAL\u0130 DAVALARI<\/p>\n<p>UNUTULAN KAVRAM &#8220;\u0130Y\u0130 \u0130DARE&#8221;<\/p>\n<h2><img loading=\"lazy\" class=\"alignnone size-full wp-image-52\" style=\"margin: 0px 15px 0px 0px;\" src=\"http:\/\/osmanfiratturan.av.tr\/wp-content\/uploads\/2014\/04\/PowerPoint-icon.png\" alt=\"PowerPoint-icon\" width=\"24\" height=\"24\" \/>Sunumlar<\/h2>\n<p><a title=\"AYDINLATILMI\u015e ONAM VE HUKUK\u0130 ETK\u0130S\u0130\" href=\"http:\/\/osmanfiratturan.av.tr\/wp-content\/uploads\/2014\/04\/AYDINLATILMI\u015e-ONAM-VE-HUKUK\u0130-ETK\u0130S\u0130.ppsx\" target=\"_blank\" rel=\"noopener\">AYDINLATILMI\u015e ONAM VE HUKUK\u0130 ETK\u0130S\u0130<\/a><\/p>\n<p><a title=\"B\u0130YOTEKNOLOJ\u0130 HUKUKU\" href=\"http:\/\/osmanfiratturan.av.tr\/wp-content\/uploads\/2014\/04\/B\u0130YOTEKNOLOJ\u0130-HUKUKU.pptx\" target=\"_blank\" rel=\"noopener\">B\u0130YOTEKNOLOJ\u0130 HUKUKU<\/a><\/p>\n<p><a title=\"\u00c7OCU\u011eUN T\u0130CAR\u0130 S\u00d6M\u00dcR\u00dcS\u00dc\" href=\"http:\/\/osmanfiratturan.av.tr\/wp-content\/uploads\/2014\/04\/\u00c7OCU\u011eUN-T\u0130CAR\u0130-S\u00d6M\u00dcR\u00dcS\u00dc.ppsx\" target=\"_blank\" rel=\"noopener\">\u00c7OCU\u011eUN T\u0130CAR\u0130 S\u00d6M\u00dcR\u00dcS\u00dc<\/a><\/p>\n<p><a title=\"HASTA \u015e\u0130KAYETLER\u0130N\u0130N HUKUKSAL Y\u00d6N\u00dc\" href=\"http:\/\/osmanfiratturan.av.tr\/wp-content\/uploads\/2014\/04\/HASTA-\u015e\u0130KAYETLER\u0130N\u0130N-HUKUKSAL-Y\u00d6N\u00dc.pptx\" target=\"_blank\" rel=\"noopener\">HASTA \u015e\u0130KAYETLER\u0130N\u0130N HUKUKSAL Y\u00d6N\u00dc<\/a><\/p>\n<p><a title=\"HEK\u0130M\u0130N \u0130HBAR Y\u00dcK\u00dcML\u00dcL\u00dc\u011e\u00dcNDE HUKUK - ET\u0130K \u00c7EL\u0130\u015eK\u0130S\u0130\" href=\"http:\/\/osmanfiratturan.av.tr\/wp-content\/uploads\/2014\/04\/HEK\u0130M\u0130N-\u0130HBAR-Y\u00dcK\u00dcML\u00dcL\u00dc\u011e\u00dcNDE-HUKUK-ET\u0130K-\u00c7EL\u0130\u015eK\u0130S\u0130.ppt\" target=\"_blank\" rel=\"noopener\">HEK\u0130M\u0130N \u0130HBAR Y\u00dcK\u00dcML\u00dcL\u00dc\u011e\u00dcNDE HUKUK &#8211; ET\u0130K \u00c7EL\u0130\u015eK\u0130S\u0130<\/a><\/p>\n<p><a title=\"KBRN-R YASAL D\u00dcZENLEMELER VE G\u00dcMR\u00dcK\" href=\"http:\/\/osmanfiratturan.av.tr\/wp-content\/uploads\/2014\/04\/KBRN-R-YASAL-D\u00dcZENLEMELER-VE-G\u00dcMR\u00dcK.ppsx\" target=\"_blank\" rel=\"noopener\">KBRN-R YASAL D\u00dcZENLEMELER VE G\u00dcMR\u00dcK<\/a><\/p>\n<p><a title=\"KL\u0130N\u0130K ARA\u015eTIRMALARDA AYDINLATILMI\u015e ONAM, RIZA VE HUKUK\u0130 ETK\u0130LER\u0130\" href=\"http:\/\/osmanfiratturan.av.tr\/wp-content\/uploads\/2014\/04\/KL\u0130N\u0130K-ARA\u015eTIRMALARDA-AYDINLATILMI\u015e-ONAM-RIZA-VE-HUKUK\u0130-ETK\u0130LER\u0130.pptx\" target=\"_blank\" rel=\"noopener\">KL\u0130N\u0130K ARA\u015eTIRMALARDA AYDINLATILMI\u015e ONAM, RIZA VE HUKUK\u0130 ETK\u0130LER\u0130<\/a><\/p>\n<p><a title=\"NEFRET SU\u00c7LARI\" href=\"http:\/\/osmanfiratturan.av.tr\/wp-content\/uploads\/2014\/04\/NEFRET-SU\u00c7LARI.ppsx\" target=\"_blank\" rel=\"noopener\">NEFRET SU\u00c7LARI<\/a><\/p>\n<p><a title=\"OLASI KOMPL\u0130KASYONLAR EKSEN\u0130NDE TAZM\u0130NAT DAVALARINA BAKI\u015e\" href=\"http:\/\/osmanfiratturan.av.tr\/wp-content\/uploads\/2014\/04\/OLASI-KOMPL\u0130KASYONLAR-EKSEN\u0130NDE-TAZM\u0130NAT-DAVALARINA-BAKI\u015e.ppsx\" target=\"_blank\" rel=\"noopener\">OLASI KOMPL\u0130KASYONLAR EKSEN\u0130NDE TAZM\u0130NAT DAVALARINA BAKI\u015e<\/a><\/p>\n<p><a title=\"SA\u011eLIK \u00c7ALI\u015eANLARINA Y\u00d6NEL\u0130K PS\u0130KOLOJ\u0130K \u015e\u0130DDET\" href=\"http:\/\/osmanfiratturan.av.tr\/wp-content\/uploads\/2014\/04\/SA\u011eLIK-\u00c7ALI\u015eANLARINA-Y\u00d6NEL\u0130K-PS\u0130KOLOJ\u0130K-\u015e\u0130DDET.ppsx\" target=\"_blank\" rel=\"noopener\">SA\u011eLIK \u00c7ALI\u015eANLARINA Y\u00d6NEL\u0130K PS\u0130KOLOJ\u0130K \u015e\u0130DDET<\/a><\/p>\n<p><a title=\"ULUSLARARASI S\u00d6ZLE\u015eMELERDE MOBB\u0130NG\" href=\"http:\/\/osmanfiratturan.av.tr\/wp-content\/uploads\/2014\/04\/ULUSLARARASI-S\u00d6ZLE\u015eMELERDE-MOBB\u0130NG.ppsx\" target=\"_blank\" rel=\"noopener\">ULUSLARARASI S\u00d6ZLE\u015eMELERDE MOBB\u0130NG<\/a><\/p>\n","protected":false},"excerpt":{"rendered":"<p>Makaleler HEK\u0130M\u0130N \u0130HBAR Y\u00dcK\u00dcML\u00dcL\u00dc\u011e\u00dcNDE HUKUK-AHLAK \u00c7EL\u0130\u015eK\u0130S\u0130 \u0130ST\u0130SNA S\u00d6ZLE\u015eMES\u0130NDE M\u00dcTEAHH\u0130D\u0130N BOR\u00c7LARI KARAYOLU \u0130LE YAPILAN E\u015eYA TA\u015eIMLARINDA ROMA, \u0130SV\u0130\u00c7RE-T\u00dcRK VE \u0130NG\u0130L\u0130Z HUKUKUNDA HAKSIZ F\u0130\u0130L SORUMLULU\u011eU S\u00d6ZLE\u015eMEDE \u0130RADE SAKATLIKLARI(HATA,H\u0130LE,TEHD\u0130T) CEZA MUHAKEMES\u0130 HUKUKUNDA KANDA VE NEFESTE ALKOL YO\u011eUNLU\u011eUNUN BEL\u0130RLENMES\u0130 Y\u00dcKSEK\u00d6\u011eRET\u0130M D\u0130S\u0130PL\u0130N HUKUKU &#8211; &#8220;SORUNLAR\/A\u00c7MAZLAR&#8221; 35&#8217;\u0130NC\u0130\u00a0MADDEDEN 50\/D&#8217;YE\u00a0 &#8211; &#8220;\u00d6YP&#8217;L\u0130\u00a0ARA\u015eTIRMA G\u00d6REVL\u0130LER\u0130N\u0130N HUKUKSAL STAT\u00dcS\u00dc&#8221; UYARMA CEZASI VE SONRASI &#8211; &#8220;Y\u00dcKSEK\u00d6\u011eRET\u0130M D\u0130S\u0130PL\u0130N HUKUKUNUN [&hellip;]<\/p>\n","protected":false},"author":1,"featured_media":0,"parent":0,"menu_order":0,"comment_status":"closed","ping_status":"closed","template":"","meta":{"om_disable_all_campaigns":false,"_mi_skip_tracking":false},"aioseo_notices":[],"_links":{"self":[{"href":"http:\/\/osmanfiratturan.av.tr\/index.php?rest_route=\/wp\/v2\/pages\/21"}],"collection":[{"href":"http:\/\/osmanfiratturan.av.tr\/index.php?rest_route=\/wp\/v2\/pages"}],"about":[{"href":"http:\/\/osmanfiratturan.av.tr\/index.php?rest_route=\/wp\/v2\/types\/page"}],"author":[{"embeddable":true,"href":"http:\/\/osmanfiratturan.av.tr\/index.php?rest_route=\/wp\/v2\/users\/1"}],"replies":[{"embeddable":true,"href":"http:\/\/osmanfiratturan.av.tr\/index.php?rest_route=%2Fwp%2Fv2%2Fcomments&post=21"}],"version-history":[{"count":10,"href":"http:\/\/osmanfiratturan.av.tr\/index.php?rest_route=\/wp\/v2\/pages\/21\/revisions"}],"predecessor-version":[{"id":627,"href":"http:\/\/osmanfiratturan.av.tr\/index.php?rest_route=\/wp\/v2\/pages\/21\/revisions\/627"}],"wp:attachment":[{"href":"http:\/\/osmanfiratturan.av.tr\/index.php?rest_route=%2Fwp%2Fv2%2Fmedia&parent=21"}],"curies":[{"name":"wp","href":"https:\/\/api.w.org\/{rel}","templated":true}]}}