{"id":89,"date":"2014-04-08T11:32:54","date_gmt":"2014-04-08T08:32:54","guid":{"rendered":"http:\/\/osmanfiratturan.av.tr\/?page_id=89"},"modified":"2025-07-15T11:36:38","modified_gmt":"2025-07-15T08:36:38","slug":"about-me","status":"publish","type":"page","link":"http:\/\/osmanfiratturan.av.tr\/?page_id=89","title":{"rendered":"About Me"},"content":{"rendered":"<div data-colibri-id=\"89-c1\" class=\"style-405 style-local-89-c1 position-relative\">\r\n  <!---->\r\n  <div data-colibri-component=\"section\" data-colibri-id=\"89-c6\" id=\"about\" class=\"h-section h-section-global-spacing d-flex align-items-lg-center align-items-md-center align-items-center style-410 style-local-89-c6 position-relative\">\r\n    <!---->\r\n    <!---->\r\n    <div class=\"h-section-grid-container h-section-boxed-container\">\r\n      <!---->\r\n      <div data-colibri-id=\"89-c7\" class=\"h-row-container gutters-row-lg-0 gutters-row-md-0 gutters-row-0 gutters-row-v-lg-0 gutters-row-v-md-0 gutters-row-v-0 style-411 style-local-89-c7 position-relative\">\r\n        <!---->\r\n        <div class=\"h-row justify-content-lg-center justify-content-md-center justify-content-center align-items-lg-stretch align-items-md-stretch align-items-stretch gutters-col-lg-0 gutters-col-md-0 gutters-col-0 gutters-col-v-lg-0 gutters-col-v-md-0 gutters-col-v-0\">\r\n          <!---->\r\n          <div class=\"h-column h-column-container d-flex h-col-lg-auto h-col-md-auto h-col-auto style-412-outer style-local-89-c8-outer\">\r\n            <div data-colibri-id=\"89-c8\" class=\"d-flex h-flex-basis h-column__inner h-ui-empty-state-container h-px-lg-0 h-px-md-0 h-px-0 v-inner-lg-0 v-inner-md-0 v-inner-0 style-412 style-local-89-c8 position-relative\">\r\n              <!---->\r\n              <!---->\r\n              <div class=\"w-100 h-y-container h-column__content h-column__v-align flex-basis-100\">\r\n                <!---->\r\n              <\/div>\r\n            <\/div>\r\n          <\/div>\r\n          <div class=\"h-column h-column-container d-flex h-col-lg-auto h-col-md-auto h-col-auto style-413-outer style-local-89-c9-outer\">\r\n            <div data-colibri-id=\"89-c9\" class=\"d-flex h-flex-basis h-column__inner h-px-lg-2 h-px-md-2 h-px-2 v-inner-lg-2 v-inner-md-2 v-inner-2 style-413 style-local-89-c9 position-relative\">\r\n              <!---->\r\n              <!---->\r\n              <div class=\"w-100 h-y-container h-column__content h-column__v-align flex-basis-100 align-self-lg-start align-self-md-start align-self-start\">\r\n                <!---->\r\n                <div data-colibri-id=\"89-c10\" class=\"h-global-transition-all h-heading style-414 style-local-89-c10 position-relative h-element\">\r\n                  <!---->\r\n                  <div class=\"h-heading__outer style-414 style-local-89-c10\">\r\n                    <!---->\r\n                    <!---->\r\n                    <h5 class=\"\">About us<\/h5>\r\n                  <\/div>\r\n                <\/div>\r\n                <div data-colibri-id=\"89-c11\" class=\"h-global-transition-all h-heading style-415 style-local-89-c11 position-relative h-element\">\r\n                  <!---->\r\n                  <div class=\"h-heading__outer style-415 style-local-89-c11\">\r\n                    <!---->\r\n                    <!---->\r\n                    <h2 class=\"\">Osman F\u0131rat TURAN<\/h2>\r\n                  <\/div>\r\n                <\/div>\r\n                <div data-colibri-id=\"89-c12\" class=\"h-text h-text-component style-416 style-local-89-c12 position-relative h-element\">\r\n                  <!---->\r\n                  <!---->\r\n                  <div class=\"\">\r\n                    <p>He was born in Elaz\u0131\u011f, in 1975. He carried out his whole education process in Ankara. After he graduated from Ankara University Faculty of Law in 1996 and finished his legal practise in Ankara Bar Association in 1997; he started to\r\n                      study as a lawyer in Ankara Univercity Rectorship\u2019s Legal Consultancy Department. He took charge in a lot of units, concils and committee as a \u2018member\u2019 or \u2018director\u2019. Alongside of his attorneyship duty, he made \u2018Assistance of Attorneyship\u201d,\r\n                      \u201cAttorneyship Regency\u201d in different dates. He made co-head the Center for Research and Practice in Turkish and Foreign Language (T\u00d6MER) between the years of 2001\u20132004. He resigned from his duty in Ankara University and&nbsp;and opened\r\n                      his own law firm. He lives in Ankara with his wife, Ophthalmologist Doctor Kadriye ERKAN TURAN and twins Ilgaz and \u00c7\u0131nar.<\/p>\r\n                    <p>\r\n                      <br>\r\n                    <\/p>\r\n                  <\/div>\r\n                <\/div>\r\n              <\/div>\r\n            <\/div>\r\n          <\/div>\r\n        <\/div>\r\n      <\/div>\r\n    <\/div>\r\n  <\/div>\r\n  <div data-colibri-component=\"section\" data-colibri-id=\"89-c20\" id=\"custom\" class=\"h-section h-section-global-spacing d-flex align-items-lg-center align-items-md-center align-items-center style-424 style-local-89-c20 position-relative\">\r\n    <!---->\r\n    <!---->\r\n    <div class=\"h-section-grid-container h-section-boxed-container\">\r\n      <!---->\r\n      <div data-colibri-id=\"89-c21\" class=\"h-row-container gutters-row-lg-2 gutters-row-md-2 gutters-row-0 gutters-row-v-lg-2 gutters-row-v-md-2 gutters-row-v-2 style-425 style-local-89-c21 position-relative\">\r\n        <!---->\r\n        <div class=\"h-row justify-content-lg-center justify-content-md-center justify-content-center align-items-lg-stretch align-items-md-stretch align-items-stretch gutters-col-lg-2 gutters-col-md-2 gutters-col-0 gutters-col-v-lg-2 gutters-col-v-md-2 gutters-col-v-2\">\r\n          <!---->\r\n          <div class=\"h-column h-column-container d-flex h-col-lg-auto h-col-md-auto h-col-auto style-426-outer style-local-89-c22-outer\">\r\n            <div data-colibri-id=\"89-c22\" class=\"d-flex h-flex-basis h-column__inner h-px-lg-2 h-px-md-2 h-px-2 v-inner-lg-2 v-inner-md-2 v-inner-2 style-426 style-local-89-c22 position-relative\">\r\n              <!---->\r\n              <!---->\r\n              <div class=\"w-100 h-y-container h-column__content h-column__v-align flex-basis-100 align-self-lg-start align-self-md-start align-self-start\">\r\n                <!---->\r\n                <div data-colibri-id=\"89-c24\" class=\"h-global-transition-all h-heading style-428 style-local-89-c24 position-relative h-element\">\r\n                  <!---->\r\n                  <div class=\"h-heading__outer style-428 style-local-89-c24\">\r\n                    <!---->\r\n                    <!---->\r\n                    <h3 class=\"\">Education After Licence Graduate<\/h3>\r\n                  <\/div>\r\n                <\/div>\r\n                <div data-colibri-id=\"89-c23\" class=\"h-text h-text-component style-427 style-local-89-c23 position-relative h-element\">\r\n                  <!---->\r\n                  <!---->\r\n                  <div class=\"\">\r\n                    <p>\r\n                      <br>\r\n                    <\/p>\r\n                    <p>\u2022CERTIFICATE PROGRAMME: A.U. FISAUM (Center for Research and Practice For Intellectual and Industrial Property Rights) \u2013 \u201cIntellectual and Industrial Property Rights\u201d (2002)<\/p>\r\n                    <p>\u2022CERTIFICATE PROGRAMME: Banking Institute \u2013 \u201cConstruction Contract and Arbitration Law\u201d (2004)<\/p>\r\n                    <p>\u2022GRADUATE: Ankara University \u0130nstitude of Social Sciences \/ Department of Private Law (2003)<\/p>\r\n                  <\/div>\r\n                <\/div>\r\n              <\/div>\r\n            <\/div>\r\n          <\/div>\r\n        <\/div>\r\n      <\/div>\r\n      <div data-colibri-id=\"89-c25\" class=\"h-row-container gutters-row-lg-2 gutters-row-md-2 gutters-row-0 gutters-row-v-lg-2 gutters-row-v-md-2 gutters-row-v-2 style-429 style-local-89-c25 position-relative\">\r\n        <!---->\r\n        <div class=\"h-row justify-content-lg-center justify-content-md-center justify-content-center align-items-lg-stretch align-items-md-stretch align-items-stretch gutters-col-lg-2 gutters-col-md-2 gutters-col-0 gutters-col-v-lg-2 gutters-col-v-md-2 gutters-col-v-2\">\r\n          <!---->\r\n          <div class=\"h-column h-column-container d-flex h-col-lg-auto h-col-md-auto h-col-auto style-430-outer style-local-89-c26-outer\">\r\n            <div data-colibri-id=\"89-c26\" class=\"d-flex h-flex-basis h-column__inner h-px-lg-2 h-px-md-2 h-px-2 v-inner-lg-2 v-inner-md-2 v-inner-2 style-430 style-local-89-c26 position-relative\">\r\n              <!---->\r\n              <!---->\r\n              <div class=\"w-100 h-y-container h-column__content h-column__v-align flex-basis-100 align-self-lg-start align-self-md-start align-self-start\">\r\n                <!---->\r\n                <div data-colibri-id=\"89-c27\" class=\"h-global-transition-all h-heading style-431 style-local-89-c27 position-relative h-element\">\r\n                  <!---->\r\n                  <div class=\"h-heading__outer style-431 style-local-89-c27\">\r\n                    <!---->\r\n                    <!---->\r\n                    <h3 class=\"\">Study Abroad<\/h3>\r\n                  <\/div>\r\n                <\/div>\r\n                <div data-colibri-id=\"89-c28\" class=\"h-text h-text-component style-432 style-local-89-c28 position-relative h-element\">\r\n                  <!---->\r\n                  <!---->\r\n                  <div class=\"\">\r\n                    <p>\u2022LUSOFONA UNIVERSITY \/ LIZBON \u2013 PORTUGAL \u2013 \u201cEuropean Union\u201d Training Programme (2009)<\/p>\r\n                  <\/div>\r\n                <\/div>\r\n              <\/div>\r\n            <\/div>\r\n          <\/div>\r\n        <\/div>\r\n      <\/div>\r\n      <div data-colibri-id=\"89-c29\" class=\"h-row-container gutters-row-lg-2 gutters-row-md-2 gutters-row-0 gutters-row-v-lg-2 gutters-row-v-md-2 gutters-row-v-2 style-433 style-local-89-c29 position-relative\">\r\n        <!---->\r\n        <div class=\"h-row justify-content-lg-center justify-content-md-center justify-content-center align-items-lg-stretch align-items-md-stretch align-items-stretch gutters-col-lg-2 gutters-col-md-2 gutters-col-0 gutters-col-v-lg-2 gutters-col-v-md-2 gutters-col-v-2\">\r\n          <!---->\r\n          <div class=\"h-column h-column-container d-flex h-col-lg-auto h-col-md-auto h-col-auto style-434-outer style-local-89-c30-outer\">\r\n            <div data-colibri-id=\"89-c30\" class=\"d-flex h-flex-basis h-column__inner h-px-lg-2 h-px-md-2 h-px-2 v-inner-lg-2 v-inner-md-2 v-inner-2 style-434 style-local-89-c30 position-relative\">\r\n              <!---->\r\n              <!---->\r\n              <div class=\"w-100 h-y-container h-column__content h-column__v-align flex-basis-100 align-self-lg-start align-self-md-start align-self-start\">\r\n                <!---->\r\n                <div data-colibri-id=\"89-c31\" class=\"h-global-transition-all h-heading style-435 style-local-89-c31 position-relative h-element\">\r\n                  <!---->\r\n                  <div class=\"h-heading__outer style-435 style-local-89-c31\">\r\n                    <!---->\r\n                    <!---->\r\n                    <h3 class=\"\">Other Proffesional Experiences<\/h3>\r\n                  <\/div>\r\n                <\/div>\r\n                <div data-colibri-id=\"89-c32\" class=\"h-text h-text-component style-436 style-local-89-c32 position-relative h-element\">\r\n                  <!---->\r\n                  <!---->\r\n                  <div class=\"\">\r\n                    <p>\u2022LUSOFONA UNIVERSITY \/ LIZBON \u2013 PORTUGAL \u2013 \u201cEuropean Union\u201d Training Programme (2009)<\/p>\r\n                    <p>\u2022Turkey University Sports Federation\u2019s Assembly of Civil Chambers \/ Member<\/p>\r\n                    <p>\u2022Ankara University Faculty of Dentistry Clinical Researches Ethics Committee \/ Member<\/p>\r\n                    <p>\u2022Forensic Scientists Association\u2019s Management \/ Treasurer<\/p>\r\n                  <\/div>\r\n                <\/div>\r\n                <div data-colibri-id=\"89-c33\" class=\"h-global-transition-all h-heading style-437 style-local-89-c33 position-relative h-element\">\r\n                  <!---->\r\n                  <div class=\"h-heading__outer style-437 style-local-89-c33\">\r\n                    <!---->\r\n                    <!---->\r\n                    <h3 class=\"\">Associateship Organizations<\/h3>\r\n                  <\/div>\r\n                <\/div>\r\n                <div data-colibri-id=\"89-c34\" class=\"h-text h-text-component style-438 style-local-89-c34 position-relative h-element\">\r\n                  <!---->\r\n                  <!---->\r\n                  <div class=\"\">\r\n                    <p>\u2022Ankara Bar Assotiation <\/p>\r\n                    <p>\u2022Forensic Sciences Associaton<\/p>\r\n                  <\/div>\r\n                <\/div>\r\n                <div data-colibri-id=\"89-c35\" class=\"h-global-transition-all h-heading style-439 style-local-89-c35 position-relative h-element\">\r\n                  <!---->\r\n                  <div class=\"h-heading__outer style-439 style-local-89-c35\">\r\n                    <!---->\r\n                    <!---->\r\n                    <h3 class=\"\">Our Study Fields<\/h3>\r\n                  <\/div>\r\n                <\/div>\r\n                <div data-colibri-id=\"89-c36\" class=\"h-text h-text-component style-440 style-local-89-c36 position-relative h-element\">\r\n                  <!---->\r\n                  <!---->\r\n                  <div class=\"\">\r\n                    <p>\u2022Commercial Law and Company Law \u2022Building, National and International Arbitration Law <\/p>\r\n                    <p>\u2022Labour and Social Security Law <\/p>\r\n                    <p>\u2022Insurance and Banking Law <\/p>\r\n                    <p>\u2022Criminal Law <\/p>\r\n                    <p>\u2022Medicine, Drug and Sport Law <\/p>\r\n                    <p>\u2022Administrative and Tax Law <\/p>\r\n                    <p>\u2022Family Law <\/p>\r\n                    <p>\u2022Public Procurement Law <\/p>\r\n                    <p>\u2022Telecommunication, Information Technology and Communication Law <\/p>\r\n                    <p>\u2022Press Law <\/p>\r\n                    <p>\u2022Educational Law<\/p>\r\n                  <\/div>\r\n                <\/div>\r\n              <\/div>\r\n            <\/div>\r\n          <\/div>\r\n        <\/div>\r\n      <\/div>\r\n    <\/div>\r\n  <\/div>\r\n<\/div>","protected":false},"excerpt":{"rendered":"<p>About us Osman F\u0131rat TURAN He was born in Elaz\u0131\u011f, in 1975. He carried out his whole education process in Ankara. After he graduated from Ankara University Faculty of Law in 1996 and finished his legal practise in Ankara Bar Association in 1997; he started to study as a lawyer in Ankara Univercity Rectorship\u2019s Legal [&hellip;]<\/p>\n","protected":false},"author":1,"featured_media":0,"parent":0,"menu_order":0,"comment_status":"closed","ping_status":"closed","template":"","meta":{"om_disable_all_campaigns":false,"_mi_skip_tracking":false},"aioseo_notices":[],"_links":{"self":[{"href":"http:\/\/osmanfiratturan.av.tr\/index.php?rest_route=\/wp\/v2\/pages\/89"}],"collection":[{"href":"http:\/\/osmanfiratturan.av.tr\/index.php?rest_route=\/wp\/v2\/pages"}],"about":[{"href":"http:\/\/osmanfiratturan.av.tr\/index.php?rest_route=\/wp\/v2\/types\/page"}],"author":[{"embeddable":true,"href":"http:\/\/osmanfiratturan.av.tr\/index.php?rest_route=\/wp\/v2\/users\/1"}],"replies":[{"embeddable":true,"href":"http:\/\/osmanfiratturan.av.tr\/index.php?rest_route=%2Fwp%2Fv2%2Fcomments&post=89"}],"version-history":[{"count":9,"href":"http:\/\/osmanfiratturan.av.tr\/index.php?rest_route=\/wp\/v2\/pages\/89\/revisions"}],"predecessor-version":[{"id":593,"href":"http:\/\/osmanfiratturan.av.tr\/index.php?rest_route=\/wp\/v2\/pages\/89\/revisions\/593"}],"wp:attachment":[{"href":"http:\/\/osmanfiratturan.av.tr\/index.php?rest_route=%2Fwp%2Fv2%2Fmedia&parent=89"}],"curies":[{"name":"wp","href":"https:\/\/api.w.org\/{rel}","templated":true}]}}